{"id":144,"date":"2015-05-28T18:47:20","date_gmt":"2015-05-28T16:47:20","guid":{"rendered":"http:\/\/www.rettetdenvolksentscheid.de\/wordpress\/?page_id=144"},"modified":"2016-09-22T18:03:22","modified_gmt":"2016-09-22T16:03:22","slug":"die-vertrauensleute","status":"publish","type":"page","link":"https:\/\/www.rettetdenvolksentscheid.de\/wordpress\/die-vertrauensleute\/","title":{"rendered":"Die Vertrauensleute"},"content":{"rendered":"<div id=\"ingo\">\n<h2>Ingo B\u00f6ttcher<\/h2>\n<div style=\"float: left; margin: 0 15px 5px 0;\"><\/div>\n<p><a href=\"https:\/\/www.rettetdenvolksentscheid.de\/wordpress\/wp-content\/uploads\/2015\/05\/ingo_boettcher.jpg\"><img loading=\"lazy\" class=\"wp-image-147 alignleft\" src=\"https:\/\/www.rettetdenvolksentscheid.de\/wordpress\/wp-content\/uploads\/2015\/05\/ingo_boettcher.jpg\" alt=\"Ingo B\u00f6ttcher \" width=\"102\" height=\"131\" \/><\/a>Ingo B\u00f6ttcher, Jahrgang 1964, ist Journalist mit besonderem Interesse f\u00fcr Stadtentwicklung, Partizipation, Verkehr und Lokales.<\/p>\n<p>Er engagiert sich seit vielen Jahren in der Stadtteil-Initiative \u201eHamburgs Wilder Osten\u201c f\u00fcr mehr Lebensqualit\u00e4t in Hamburg-Rothenburgsort.<br \/>\nNicht zuletzt aus der Erfahrung mit verh\u00e4rteten lokalpolitischen Strukturen hat sich die Gruppe aktiv an vielen Kampagnen zur St\u00e4rkung der direkten Demokratie in Hamburg, an der Reform des Wahlrechts und der Durchsetzung des Transparenzgesetzes beteiligt.<\/p>\n<\/div>\n<div id=\"manfred\">\n<h2>Manfred Brandt<\/h2>\n<div style=\"float: left; margin: 0 15px 5px 0;\"><\/div>\n<p><a href=\"https:\/\/www.rettetdenvolksentscheid.de\/wordpress\/wp-content\/uploads\/2015\/05\/manfred_brandt.jpg\"><img loading=\"lazy\" class=\"wp-image-146 size-full alignleft\" src=\"https:\/\/www.rettetdenvolksentscheid.de\/wordpress\/wp-content\/uploads\/2015\/05\/manfred_brandt.jpg\" alt=\"Manfred Brandt\" width=\"100\" height=\"150\" \/><\/a>Dr. Manfred Brandt (Jahrgang 1945) ist Agrarwissenschaftler und Landwirt im Ruhestand.<\/p>\n<p style=\"text-align: left;\">Er war 1997 Gr\u00fcndungsmitglied des Hamburger Landesverbands von Mehr Demokratie. Seitdem hat er mehrere Volksabstimmungen mit angeschoben, so zum Beispiel den ersten erfolgreichen Volksentscheid zur Einf\u00fchrung von B\u00fcrgerbegehren und B\u00fcrgerentscheiden auf Bezirksebene im Jahr 1998. Mit auf sein Konto gehen auch die Hamburger Wahlrechtsreform und die st\u00e4rkere Verbindlichkeit von Volksentscheiden. Nachdem Manfred Brandt rund 30 Jahre in der FDP aktiv war, geh\u00f6rt er jetzt seit \u00fcber zehn Jahren keiner Partei mehr an. Dank Erfahrung und Sachverstand ist er in grunds\u00e4tzlichen Demokratie- und Strukturfragen f\u00fcr viele Organisationen ein gesch\u00e4tzter Gespr\u00e4chspartner<\/p>\n<p>Manfred Brandt ist im Vorstand von Mehr Demokartie e.V. zust\u00e4ndig f\u00fcr Finanzen, Kampagnenarbeit und Initiativenberatung. Eine seiner Hauptaufgaben im Hamburger Landesverband von Mehr Demokratie sieht Manfred Brandt in der Verfahrensberatung von B\u00fcrgerinitiativen.<\/p>\n<\/div>\n<div id=\"angelika\">\n<h2>Angelika Gardiner<\/h2>\n<p style=\"text-align: left;\">Angel<a href=\"https:\/\/www.rettetdenvolksentscheid.de\/wordpress\/wp-content\/uploads\/2015\/05\/angelika_gardiner.jpg\"><img loading=\"lazy\" class=\"alignleft wp-image-148 size-full\" src=\"https:\/\/www.rettetdenvolksentscheid.de\/wordpress\/wp-content\/uploads\/2015\/05\/angelika_gardiner.jpg\" alt=\"Angelika Gardiner\" width=\"102\" height=\"120\" \/><\/a>ika Gardiner, Jahrgang 1941, ist Journalistin mit den ThemenschwerpunktenEntwicklungszusammenarbeit, Menschen- und B\u00fcrgerrechte. Die geb\u00fcrtige M\u00fcnchnerin lebt seit 1980 in Hamburg.<\/p>\n<p>F\u00fcr ihr frauen- und kinderpolitisches Engagement erhielt sie mehrere Journalistenpreise. Sie arbeitet in verschiedenen B\u00fcrgerinitiativen und gemeinn\u00fctzigen Vereinen mit, ist Mitglied im Kuratorium von Mehr Demokratie e.V. und Stiftungsratsvorsitzende der Norddeutschen Stiftung f\u00fcr Umwelt und Entwicklung.<\/p>\n<p>Sie war Mitinitiatorin des erfolgreichen Volksentscheids f\u00fcr ein b\u00fcrgernahes Wahlrecht in Hamburg und setzt sich seit Jahren f\u00fcr Verbesserungen der demokratischen Strukturen in Hamburg ein.<\/p>\n<p>Im Vorstand von Mehr Demokratie e.V. ist Angelika Gardiner zust\u00e4ndig f\u00fcr die \u00d6ffentlichkeits- und Kampagnenarbeit<\/p>\n<\/div>\n<div class=\"twoclick_social_bookmarks_post_144 social_share_privacy clearfix 1.6.4 locale-de_DE sprite-de_DE\"><\/div><div class=\"twoclick-js\"><script type=\"text\/javascript\">\/* <![CDATA[ *\/\njQuery(document).ready(function($){if($('.twoclick_social_bookmarks_post_144')){$('.twoclick_social_bookmarks_post_144').socialSharePrivacy({\"services\":{\"facebook\":{\"status\":\"on\",\"txt_info\":\"2 Klicks f\\u00fcr mehr Datenschutz: Erst wenn Sie hier klicken, wird der Button aktiv und Sie k\\u00f6nnen Ihre Empfehlung an Facebook senden. Schon beim Aktivieren werden Daten an Dritte \\u00fcbertragen - siehe <em>i<\\\/em>.\",\"perma_option\":\"off\",\"action\":\"recommend\",\"language\":\"de_DE\"},\"twitter\":{\"reply_to\":\"\",\"tweet_text\":\"Die%20Vertrauensleute%20%C2%BB%20Rettet%20den%20Volksentscheid\",\"status\":\"on\",\"txt_info\":\"2 Klicks f\\u00fcr mehr Datenschutz: Erst wenn Sie hier klicken, wird der Button aktiv und Sie k\\u00f6nnen Ihre Empfehlung an Twitter senden. Schon beim Aktivieren werden Daten an Dritte \\u00fcbertragen - siehe <em>i<\\\/em>.\",\"perma_option\":\"off\",\"language\":\"de\",\"referrer_track\":\"\"},\"gplus\":{\"status\":\"on\",\"txt_info\":\"2 Klicks f\\u00fcr mehr Datenschutz: Erst wenn Sie hier klicken, wird der Button aktiv und Sie k\\u00f6nnen Ihre Empfehlung an Google+ senden. Schon beim Aktivieren werden Daten an Dritte \\u00fcbertragen - siehe <em>i<\\\/em>.\",\"perma_option\":\"off\",\"referrer_track\":\"\"},\"xing\":{\"status\":\"on\",\"txt_info\":\"2 Klicks f\\u00fcr mehr Datenschutz: Erst wenn Sie hier klicken, wird der Button aktiv und Sie k\\u00f6nnen Ihre Empfehlung an Xing senden. Schon beim Aktivieren werden Daten an Dritte \\u00fcbertragen - siehe <em>i<\\\/em>.\",\"perma_option\":\"off\",\"language\":\"de\",\"referrer_track\":\"\"}},\"txt_help\":\"Wenn Sie diese Felder durch einen Klick aktivieren, werden Informationen an Facebook, Twitter, Flattr, Xing, t3n, LinkedIn, Pinterest oder Google eventuell ins Ausland \\u00fcbertragen und unter Umst\\u00e4nden auch dort gespeichert. N\\u00e4heres erfahren Sie durch einen Klick auf das <em>i<\\\/em>.\",\"settings_perma\":\"Dauerhaft aktivieren und Daten\\u00fcber-tragung zustimmen:\",\"info_link\":\"http:\\\/\\\/www.heise.de\\\/ct\\\/artikel\\\/2-Klicks-fuer-mehr-Datenschutz-1333879.html\",\"uri\":\"https:\\\/\\\/www.rettetdenvolksentscheid.de\\\/wordpress\\\/die-vertrauensleute\\\/\",\"post_id\":144,\"post_title_referrer_track\":\"Die+Vertrauensleute\",\"display_infobox\":\"off\"});}});\n\/* ]]> *\/<\/script><\/div>","protected":false},"excerpt":{"rendered":"<p>Ingo B\u00f6ttcher Ingo B\u00f6ttcher, Jahrgang 1964, ist Journalist mit besonderem Interesse f\u00fcr Stadtentwicklung, Partizipation, Verkehr und Lokales. Er engagiert sich seit vielen Jahren in der Stadtteil-Initiative \u201eHamburgs Wilder Osten\u201c f\u00fcr mehr Lebensqualit\u00e4t in Hamburg-Rothenburgsort. Nicht zuletzt aus der Erfahrung mit verh\u00e4rteten lokalpolitischen Strukturen hat sich die Gruppe aktiv an vielen Kampagnen zur St\u00e4rkung der direkten [&hellip;]<\/p>\n","protected":false},"author":2,"featured_media":0,"parent":0,"menu_order":0,"comment_status":"closed","ping_status":"closed","template":"","meta":[],"_links":{"self":[{"href":"https:\/\/www.rettetdenvolksentscheid.de\/wordpress\/wp-json\/wp\/v2\/pages\/144"}],"collection":[{"href":"https:\/\/www.rettetdenvolksentscheid.de\/wordpress\/wp-json\/wp\/v2\/pages"}],"about":[{"href":"https:\/\/www.rettetdenvolksentscheid.de\/wordpress\/wp-json\/wp\/v2\/types\/page"}],"author":[{"embeddable":true,"href":"https:\/\/www.rettetdenvolksentscheid.de\/wordpress\/wp-json\/wp\/v2\/users\/2"}],"replies":[{"embeddable":true,"href":"https:\/\/www.rettetdenvolksentscheid.de\/wordpress\/wp-json\/wp\/v2\/comments?post=144"}],"version-history":[{"count":16,"href":"https:\/\/www.rettetdenvolksentscheid.de\/wordpress\/wp-json\/wp\/v2\/pages\/144\/revisions"}],"predecessor-version":[{"id":552,"href":"https:\/\/www.rettetdenvolksentscheid.de\/wordpress\/wp-json\/wp\/v2\/pages\/144\/revisions\/552"}],"wp:attachment":[{"href":"https:\/\/www.rettetdenvolksentscheid.de\/wordpress\/wp-json\/wp\/v2\/media?parent=144"}],"curies":[{"name":"wp","href":"https:\/\/api.w.org\/{rel}","templated":true}]}}