{"id":159,"date":"2015-05-28T18:59:26","date_gmt":"2015-05-28T16:59:26","guid":{"rendered":"http:\/\/www.rettetdenvolksentscheid.de\/wordpress\/?page_id=159"},"modified":"2016-10-09T16:47:04","modified_gmt":"2016-10-09T14:47:04","slug":"der-traegerkreis","status":"publish","type":"page","link":"https:\/\/www.rettetdenvolksentscheid.de\/wordpress\/der-traegerkreis\/","title":{"rendered":"Der Tr\u00e4gerkreis"},"content":{"rendered":"<h2>besteht aus folgenden Initiativen:<\/h2>\n<ul>\n<li><a href=\"http:\/\/www.altonaer-manifest.de\/\">Altonaer Manifest<\/a> f\u00fcr eine sozial gerechte Stadtentwicklung<\/li>\n<li><a href=\"http:\/\/www.annaelbe.net\/\">anna elbe<\/a> &#8211; Weitblick f\u00fcr Hamburg &#8211; Wir sagen NEIN zum Ausverkauf von \u00f6ffentlichen R\u00e4umen<\/li>\n<li><a href=\"http:\/\/www.attac-netzwerk.de\/hamburg\/\">attac Hamburg<\/a><\/li>\n<li><a href=\"http:\/\/rettet-mein-barmbek.lima-city.de\/\">B\u00fcrgerinitiative Dieselstra\u00dfenland<\/a> &#8211; f\u00fcr ein lebenswertes Barmbek-Nord!<\/li>\n<li><a href=\"http:\/\/cannabis-social-club.hamburg\/\" target=\"_blank\">Cannabis Social Club Hamburg e.V.<\/a><\/li>\n<li><a title=\"zur Website\" href=\"http:\/\/didf.de\/didfjugend\/\" target=\"_blank\">DIDF Jugend Hamburg<\/a><\/li>\n<li><a href=\"http:\/\/www.die-linke-hamburg.de\/politik\/aktuelles.html\" target=\"_blank\">Die LINKE Landesverband Hamburg<br \/>\n<\/a>Konsequent sozial. F\u00fcr Demokratie und Frieden.<\/li>\n<li><a title=\"zur Website\" href=\"http:\/\/www.die-linke-altona.de\/politik\/aktuell.html\" target=\"_blank\">Die LINKE Bezirksverband Altona<\/a><br \/>\nKonsequent sozial. F\u00fcr Demokratie und Frieden.<\/li>\n<li><a href=\"http:\/\/die-partei-hamburg.de\/\" target=\"_blank\">Die PARTEI Hamburg<\/a><\/li>\n<li><a title=\"zur Website\" href=\"http:\/\/www.g9-jetzt-hh.de\/\" target=\"_blank\">G9-Jetzt-HH<\/a><br \/>\nF\u00fcr das bew\u00e4hrte neunj\u00e4hrige Gymnasium!<\/li>\n<li><a title=\"zur Website\" href=\"http:\/\/www.hamburger-energietisch.de\/\" target=\"_blank\">Hamburger Energietisch<\/a><br \/>\nF\u00fcr die Energiewende in Hamburg<\/li>\n<li><a title=\"zur Website\" href=\"http:\/\/www.hamburg-fuer-die-elbe.de\/\" target=\"_blank\">Hamburg f\u00fcr die Elbe<\/a><br \/>\nB\u00fcrgerinitiative zum Schutz der Elbe<\/li>\n<li><a title=\"zur Website\" href=\"http:\/\/www.hwo-digital.de\/\" target=\"_blank\">Hamburgs Wilder Osten<\/a><br \/>\nStadtteilinitiative f\u00fcr mehr Lebensqualit\u00e4t in Rothenburgsort<\/li>\n<li><a href=\"http:\/\/www.city-hof.org\/?p=845\" target=\"_blank\">Initiative City-Hof e.V.<\/a><\/li>\n<li><a href=\"http:\/\/www.unser-ochsenzoll.de\/\" target=\"_blank\">Initiative Stockflethweg<\/a><\/li>\n<li><a href=\"http:\/\/kulturenergiebunker.blogspot.de\/\" target=\"_blank\">KEBAP e.V.<\/a><\/li>\n<li><a title=\"zur Website\" href=\"http:\/\/www.langenhorn73.de\/\" target=\"_blank\">Langenhorn 73<\/a><br \/>\nG\u00fcnstigen und gr\u00fcnen Wohnraum erhalten!<\/li>\n<li><a title=\"zur Website\" href=\"http:\/\/hh.mehr-demokratie.de\/\" target=\"_blank\">Mehr Demokratie e.V.<\/a><\/li>\n<li><a title=\"zur Website\" href=\"http:\/\/www.nordnetz-hamburg.de\/\" target=\"_blank\">Nordnetz Hamburg<\/a><br \/>\nDas Netzwerk von B\u00fcrgerinitiativen im Hamburger Norden<\/li>\n<li><a title=\"zur Website\" href=\"https:\/\/www.oedp-hamburg.de\/startseite\/\" target=\"_blank\">\u00f6dp Hamburg<\/a><br \/>\n\u00d6kologisch-Demokatische Partei<\/li>\n<li><a title=\"zur Website\" href=\"http:\/\/www.omnibus.org\/\" target=\"_blank\">Omnibus f\u00fcr direkte Demokratie<\/a><br \/>\nEin Unternehmen zur Einf\u00fchrung der Bundesweiten Volksabstimmung<\/li>\n<li><a href=\"http:\/\/piraten-hh.de\/\" target=\"_blank\"> Piratenpartei Hamburg<\/a><\/li>\n<li><a title=\"zur Website\" href=\"http:\/\/www.pro-wohnen-ottensen.de\/\" target=\"_blank\">Pro Wohnen Ottensen<\/a><br \/>\nF\u00fcr ein lebenswertes Ottensen<\/li>\n<li><a href=\"http:\/\/unser-m\u00fchlenkamp.de\/\" target=\"_blank\">Unser M\u00fchlenkamp<\/a><br \/>\nF\u00fcr den Stopp des Busbeschleunigungsprogramms in Hamburg, besonders im M\u00fchlenkamp<\/li>\n<li><a title=\"zur Website\" href=\"http:\/\/wir-sind-eppendorf.de\/\" target=\"_blank\">WIR-sind-Eppendorf <\/a><\/li>\n<li><a title=\"zur Website\" href=\"http:\/\/zukunft-elbinsel.de\/\" target=\"_blank\">Zukunft Elbinsel Wilhelmsburg<\/a><br \/>\nIn einem weltoffenen Hamburg sind starke B\u00fcrgerbewegungen und die parlamentarische Demokratie zwei Seiten einer Medaille.<\/li>\n<\/ul>\n<p><b>&#8230; und zahlreichen Einzelpersonen<br \/>\nSie m\u00f6chten in den Tr\u00e4gerkreis aufgenommen werden? Bitte kontaktieren Sie uns!<br \/>\n<\/b><\/p>\n<p><a href=\"http:\/\/www.altonaer-manifest.de\/\" target=\"_blank\"><img loading=\"lazy\" class=\"wp-image-572 alignnone\" src=\"https:\/\/www.rettetdenvolksentscheid.de\/wordpress\/wp-content\/uploads\/2015\/05\/altonaer_Manifest.png\" alt=\"altonaer_manifest\" width=\"179\" height=\"45\" srcset=\"https:\/\/www.rettetdenvolksentscheid.de\/wordpress\/wp-content\/uploads\/2015\/05\/altonaer_Manifest.png 645w, https:\/\/www.rettetdenvolksentscheid.de\/wordpress\/wp-content\/uploads\/2015\/05\/altonaer_Manifest-300x75.png 300w, https:\/\/www.rettetdenvolksentscheid.de\/wordpress\/wp-content\/uploads\/2015\/05\/altonaer_Manifest-624x157.png 624w\" sizes=\"(max-width: 179px) 100vw, 179px\" \/><\/a>\u00a0\u00a0\u00a0\u00a0 \u00a0 \u00a0 \u00a0 <a href=\"http:\/\/www.annaelbe.net\/\"><img loading=\"lazy\" class=\"wp-image-573 alignnone\" src=\"https:\/\/www.rettetdenvolksentscheid.de\/wordpress\/wp-content\/uploads\/2015\/05\/annaelbe.jpg\" alt=\"annaelbe\" width=\"119\" height=\"67\" \/><\/a>\u00a0\u00a0 \u00a0 \u00a0 \u00a0\u00a0 \u00a0 <a href=\"http:\/\/www.attac-netzwerk.de\/hamburg\/\"><img loading=\"lazy\" class=\"alignnone wp-image-574\" src=\"https:\/\/www.rettetdenvolksentscheid.de\/wordpress\/wp-content\/uploads\/2015\/05\/attac_hamburg.png\" alt=\"attac_hamburg\" width=\"146\" height=\"55\" srcset=\"https:\/\/www.rettetdenvolksentscheid.de\/wordpress\/wp-content\/uploads\/2015\/05\/attac_hamburg.png 366w, https:\/\/www.rettetdenvolksentscheid.de\/wordpress\/wp-content\/uploads\/2015\/05\/attac_hamburg-300x113.png 300w\" sizes=\"(max-width: 146px) 100vw, 146px\" \/><\/a><a href=\"http:\/\/rettet-mein-barmbek.lima-city.de\/\"><img loading=\"lazy\" class=\"wp-image-575 alignnone\" src=\"https:\/\/www.rettetdenvolksentscheid.de\/wordpress\/wp-content\/uploads\/2015\/05\/bi-logo-800x150.png\" alt=\"bi-logo-800x150\" width=\"206\" height=\"39\" srcset=\"https:\/\/www.rettetdenvolksentscheid.de\/wordpress\/wp-content\/uploads\/2015\/05\/bi-logo-800x150.png 800w, https:\/\/www.rettetdenvolksentscheid.de\/wordpress\/wp-content\/uploads\/2015\/05\/bi-logo-800x150-300x56.png 300w, https:\/\/www.rettetdenvolksentscheid.de\/wordpress\/wp-content\/uploads\/2015\/05\/bi-logo-800x150-768x144.png 768w, https:\/\/www.rettetdenvolksentscheid.de\/wordpress\/wp-content\/uploads\/2015\/05\/bi-logo-800x150-624x117.png 624w\" sizes=\"(max-width: 206px) 100vw, 206px\" \/><\/a>\u00a0\u00a0\u00a0 \u00a0 \u00a0 <a href=\"http:\/\/cannabis-social-club.hamburg\/\" target=\"_blank\"><img loading=\"lazy\" class=\"wp-image-577 alignnone\" src=\"https:\/\/www.rettetdenvolksentscheid.de\/wordpress\/wp-content\/uploads\/2015\/05\/CSC_Hamburg.png\" alt=\"csc_hamburg\" width=\"150\" height=\"53\" srcset=\"https:\/\/www.rettetdenvolksentscheid.de\/wordpress\/wp-content\/uploads\/2015\/05\/CSC_Hamburg.png 2367w, https:\/\/www.rettetdenvolksentscheid.de\/wordpress\/wp-content\/uploads\/2015\/05\/CSC_Hamburg-300x107.png 300w, https:\/\/www.rettetdenvolksentscheid.de\/wordpress\/wp-content\/uploads\/2015\/05\/CSC_Hamburg-768x273.png 768w, https:\/\/www.rettetdenvolksentscheid.de\/wordpress\/wp-content\/uploads\/2015\/05\/CSC_Hamburg-1024x364.png 1024w, https:\/\/www.rettetdenvolksentscheid.de\/wordpress\/wp-content\/uploads\/2015\/05\/CSC_Hamburg-624x222.png 624w\" sizes=\"(max-width: 150px) 100vw, 150px\" \/><\/a> \u00a0 \u00a0\u00a0\u00a0 \u00a0 \u00a0 <a href=\"http:\/\/didf.de\/didfjugend\/\"><img loading=\"lazy\" class=\"wp-image-578 alignnone\" src=\"https:\/\/www.rettetdenvolksentscheid.de\/wordpress\/wp-content\/uploads\/2015\/05\/didf-jugend.png\" alt=\"didf-jugend\" width=\"106\" height=\"75\" \/><\/a>\u00a0 <a href=\"http:\/\/www.die-linke-altona.de\/politik\/aktuell.html\"><img loading=\"lazy\" class=\"wp-image-586 alignnone\" src=\"https:\/\/www.rettetdenvolksentscheid.de\/wordpress\/wp-content\/uploads\/2015\/05\/linke_altona.png\" alt=\"linke_altona\" width=\"146\" height=\"55\" \/><\/a> \u00a0 \u00a0\u00a0 \u00a0 <a href=\"http:\/\/www.die-linke-hamburg.de\/politik\/aktuelles.html\"><img loading=\"lazy\" class=\"wp-image-587 alignnone\" src=\"https:\/\/www.rettetdenvolksentscheid.de\/wordpress\/wp-content\/uploads\/2015\/05\/linke_logo.gif\" alt=\"linke_logo\" width=\"146\" height=\"55\" \/><\/a>\u00a0 \u00a0 \u00a0\u00a0 <a href=\"http:\/\/die-partei-hamburg.de\/\"><img loading=\"lazy\" class=\"wp-image-579 alignnone\" src=\"https:\/\/www.rettetdenvolksentscheid.de\/wordpress\/wp-content\/uploads\/2015\/05\/diePartei.png\" alt=\"diepartei\" width=\"191\" height=\"42\" srcset=\"https:\/\/www.rettetdenvolksentscheid.de\/wordpress\/wp-content\/uploads\/2015\/05\/diePartei.png 479w, https:\/\/www.rettetdenvolksentscheid.de\/wordpress\/wp-content\/uploads\/2015\/05\/diePartei-300x66.png 300w\" sizes=\"(max-width: 191px) 100vw, 191px\" \/><\/a>\u00a0\u00a0\u00a0 \u00a0\u00a0\u00a0\u00a0\u00a0\u00a0<a href=\"http:\/\/www.g9-jetzt-hh.de\/\"><img loading=\"lazy\" class=\"wp-image-580 alignnone\" src=\"https:\/\/www.rettetdenvolksentscheid.de\/wordpress\/wp-content\/uploads\/2015\/05\/g9-jetzt-hh.png\" alt=\"g9-jetzt-hh\" width=\"89\" height=\"89\" srcset=\"https:\/\/www.rettetdenvolksentscheid.de\/wordpress\/wp-content\/uploads\/2015\/05\/g9-jetzt-hh.png 225w, https:\/\/www.rettetdenvolksentscheid.de\/wordpress\/wp-content\/uploads\/2015\/05\/g9-jetzt-hh-150x150.png 150w\" sizes=\"(max-width: 89px) 100vw, 89px\" \/><\/a>\u00a0\u00a0\u00a0 <a href=\"http:\/\/www.hamburger-energietisch.de\/\"><img loading=\"lazy\" class=\"wp-image-582 alignnone\" src=\"https:\/\/www.rettetdenvolksentscheid.de\/wordpress\/wp-content\/uploads\/2015\/05\/HeT_logo.jpg\" alt=\"het_logo\" width=\"121\" height=\"66\" \/><\/a> \u00a0 \u00a0\u00a0 <a href=\"http:\/\/www.hamburg-fuer-die-elbe.de\/\"><img loading=\"lazy\" class=\"wp-image-583 alignnone\" src=\"https:\/\/www.rettetdenvolksentscheid.de\/wordpress\/wp-content\/uploads\/2015\/05\/HfdE.png\" alt=\"hfde\" width=\"89\" height=\"89\" srcset=\"https:\/\/www.rettetdenvolksentscheid.de\/wordpress\/wp-content\/uploads\/2015\/05\/HfdE.png 224w, https:\/\/www.rettetdenvolksentscheid.de\/wordpress\/wp-content\/uploads\/2015\/05\/HfdE-150x150.png 150w\" sizes=\"(max-width: 89px) 100vw, 89px\" \/><\/a> \u00a0\u00a0 <a href=\"http:\/\/www.hwo-digital.de\/\"><img loading=\"lazy\" class=\"wp-image-581 alignnone\" src=\"https:\/\/www.rettetdenvolksentscheid.de\/wordpress\/wp-content\/uploads\/2015\/05\/hamburgswilderOsten.png\" alt=\"hamburgswilderosten\" width=\"191\" height=\"42\" srcset=\"https:\/\/www.rettetdenvolksentscheid.de\/wordpress\/wp-content\/uploads\/2015\/05\/hamburgswilderOsten.png 733w, https:\/\/www.rettetdenvolksentscheid.de\/wordpress\/wp-content\/uploads\/2015\/05\/hamburgswilderOsten-300x66.png 300w, https:\/\/www.rettetdenvolksentscheid.de\/wordpress\/wp-content\/uploads\/2015\/05\/hamburgswilderOsten-624x138.png 624w\" sizes=\"(max-width: 191px) 100vw, 191px\" \/><\/a>\u00a0 \u00a0\u00a0\u00a0 \u00a0 \u00a0 <a href=\"http:\/\/www.city-hof.org\/?p=845\"><img loading=\"lazy\" class=\"wp-image-576 alignnone\" src=\"https:\/\/www.rettetdenvolksentscheid.de\/wordpress\/wp-content\/uploads\/2015\/05\/city_hof.jpg\" alt=\"city_hof\" width=\"199\" height=\"40\" srcset=\"https:\/\/www.rettetdenvolksentscheid.de\/wordpress\/wp-content\/uploads\/2015\/05\/city_hof.jpg 1024w, https:\/\/www.rettetdenvolksentscheid.de\/wordpress\/wp-content\/uploads\/2015\/05\/city_hof-300x61.jpg 300w, https:\/\/www.rettetdenvolksentscheid.de\/wordpress\/wp-content\/uploads\/2015\/05\/city_hof-768x156.jpg 768w, https:\/\/www.rettetdenvolksentscheid.de\/wordpress\/wp-content\/uploads\/2015\/05\/city_hof-624x127.jpg 624w\" sizes=\"(max-width: 199px) 100vw, 199px\" \/><\/a>\u00a0<a title=\"zur Website\" href=\"http:\/\/www.unser-ochsenzoll.de\/\" target=\"_blank\"><img loading=\"lazy\" class=\"wp-image-597 alignnone\" src=\"https:\/\/www.rettetdenvolksentscheid.de\/wordpress\/wp-content\/uploads\/2015\/05\/stockflethweg_logo.jpg\" alt=\"stockflethweg_logo\" width=\"134\" height=\"59\" srcset=\"https:\/\/www.rettetdenvolksentscheid.de\/wordpress\/wp-content\/uploads\/2015\/05\/stockflethweg_logo.jpg 338w, https:\/\/www.rettetdenvolksentscheid.de\/wordpress\/wp-content\/uploads\/2015\/05\/stockflethweg_logo-300x132.jpg 300w\" sizes=\"(max-width: 134px) 100vw, 134px\" \/><\/a> <a href=\"http:\/\/kulturenergiebunker.blogspot.de\/\"><img loading=\"lazy\" class=\"wp-image-588 alignnone\" src=\"https:\/\/www.rettetdenvolksentscheid.de\/wordpress\/wp-content\/uploads\/2015\/05\/logo_kebap.png\" alt=\"logo_kebap\" width=\"205\" height=\"39\" srcset=\"https:\/\/www.rettetdenvolksentscheid.de\/wordpress\/wp-content\/uploads\/2015\/05\/logo_kebap.png 514w, https:\/\/www.rettetdenvolksentscheid.de\/wordpress\/wp-content\/uploads\/2015\/05\/logo_kebap-300x57.png 300w\" sizes=\"(max-width: 205px) 100vw, 205px\" \/><\/a>\u00a0\u00a0\u00a0 <a href=\"http:\/\/www.langenhorn73.de\/\"><img loading=\"lazy\" class=\"wp-image-585 alignnone\" src=\"https:\/\/www.rettetdenvolksentscheid.de\/wordpress\/wp-content\/uploads\/2015\/05\/langenhorn73.jpg\" alt=\"langenhorn73\" width=\"114\" height=\"71\" \/><\/a>\u00a0\u00a0\u00a0\u00a0\u00a0\u00a0\u00a0 <a href=\"http:\/\/hh.mehr-demokratie.de\/\"><img loading=\"lazy\" class=\"wp-image-589 alignnone\" src=\"https:\/\/www.rettetdenvolksentscheid.de\/wordpress\/wp-content\/uploads\/2015\/05\/logo_mehr-demokratie_hamburg.gif\" alt=\"logo_mehr-demokratie_hamburg\" width=\"190\" height=\"42\" \/><\/a> \u00a0 \u00a0 \u00a0 \u00a0\u00a0 <a href=\"http:\/\/www.nordnetz-hamburg.de\/\"><img loading=\"lazy\" class=\"alignnone wp-image-592\" src=\"https:\/\/www.rettetdenvolksentscheid.de\/wordpress\/wp-content\/uploads\/2015\/05\/nordnetz_logo.png\" alt=\"nordnetz_logo\" width=\"169\" height=\"51\" srcset=\"https:\/\/www.rettetdenvolksentscheid.de\/wordpress\/wp-content\/uploads\/2015\/05\/nordnetz_logo.png 408w, https:\/\/www.rettetdenvolksentscheid.de\/wordpress\/wp-content\/uploads\/2015\/05\/nordnetz_logo-300x90.png 300w\" sizes=\"(max-width: 169px) 100vw, 169px\" \/><\/a> \u00a0\u00a0 <a href=\"https:\/\/www.oedp-hamburg.de\/startseite\/\"><img loading=\"lazy\" class=\"wp-image-593 alignnone\" src=\"https:\/\/www.rettetdenvolksentscheid.de\/wordpress\/wp-content\/uploads\/2015\/05\/\u00f6dp-logo.gif\" alt=\"oedp-logo\" width=\"101\" height=\"79\" \/><\/a>\u00a0\u00a0\u00a0\u00a0\u00a0\u00a0\u00a0\u00a0 <a href=\"http:\/\/www.omnibus.org\/\"><img loading=\"lazy\" class=\"wp-image-594 alignnone\" src=\"https:\/\/www.rettetdenvolksentscheid.de\/wordpress\/wp-content\/uploads\/2015\/05\/omnibus.jpg\" alt=\"omnibus\" width=\"194\" height=\"41\" srcset=\"https:\/\/www.rettetdenvolksentscheid.de\/wordpress\/wp-content\/uploads\/2015\/05\/omnibus.jpg 480w, https:\/\/www.rettetdenvolksentscheid.de\/wordpress\/wp-content\/uploads\/2015\/05\/omnibus-300x64.jpg 300w\" sizes=\"(max-width: 194px) 100vw, 194px\" \/><\/a> \u00a0 \u00a0\u00a0\u00a0\u00a0\u00a0\u00a0 <a href=\"http:\/\/piraten-hh.de\/\"><img loading=\"lazy\" class=\"wp-image-595 alignnone\" src=\"https:\/\/www.rettetdenvolksentscheid.de\/wordpress\/wp-content\/uploads\/2015\/05\/Piratenpartei_HH.png\" alt=\"piratenpartei_hh\" width=\"171\" height=\"64\" srcset=\"https:\/\/www.rettetdenvolksentscheid.de\/wordpress\/wp-content\/uploads\/2015\/05\/Piratenpartei_HH.png 367w, https:\/\/www.rettetdenvolksentscheid.de\/wordpress\/wp-content\/uploads\/2015\/05\/Piratenpartei_HH-300x112.png 300w\" sizes=\"(max-width: 171px) 100vw, 171px\" \/><\/a><a href=\"http:\/\/www.pro-wohnen-ottensen.de\/\"><img loading=\"lazy\" class=\"wp-image-596 alignnone\" src=\"https:\/\/www.rettetdenvolksentscheid.de\/wordpress\/wp-content\/uploads\/2015\/05\/proWohnenOttensen.png\" alt=\"prowohnenottensen\" width=\"253\" height=\"32\" srcset=\"https:\/\/www.rettetdenvolksentscheid.de\/wordpress\/wp-content\/uploads\/2015\/05\/proWohnenOttensen.png 600w, https:\/\/www.rettetdenvolksentscheid.de\/wordpress\/wp-content\/uploads\/2015\/05\/proWohnenOttensen-300x38.png 300w\" sizes=\"(max-width: 253px) 100vw, 253px\" \/><\/a> \u00a0 \u00a0 \u00a0 \u00a0 \u00a0 \u00a0 \u00a0 \u00a0 \u00a0 \u00a0 <a href=\"http:\/\/unser-m\u00fchlenkamp.de\/\"><img loading=\"lazy\" class=\"wp-image-590 alignnone\" src=\"https:\/\/www.rettetdenvolksentscheid.de\/wordpress\/wp-content\/uploads\/2015\/05\/logo_unserM\u00fchlenkamp.png\" alt=\"logo_unsermuehlenkamp\" width=\"201\" height=\"40\" srcset=\"https:\/\/www.rettetdenvolksentscheid.de\/wordpress\/wp-content\/uploads\/2015\/05\/logo_unserM\u00fchlenkamp.png 750w, https:\/\/www.rettetdenvolksentscheid.de\/wordpress\/wp-content\/uploads\/2015\/05\/logo_unserM\u00fchlenkamp-300x60.png 300w, https:\/\/www.rettetdenvolksentscheid.de\/wordpress\/wp-content\/uploads\/2015\/05\/logo_unserM\u00fchlenkamp-624x124.png 624w\" sizes=\"(max-width: 201px) 100vw, 201px\" \/><\/a> \u00a0 <a href=\"http:\/\/wir-sind-eppendorf.de\/\"><img loading=\"lazy\" class=\"wp-image-598 alignnone\" src=\"https:\/\/www.rettetdenvolksentscheid.de\/wordpress\/wp-content\/uploads\/2015\/05\/wir-sind-eppendorf-logo3.png\" alt=\"wir-sind-eppendorf-logo3\" width=\"224\" height=\"37\" srcset=\"https:\/\/www.rettetdenvolksentscheid.de\/wordpress\/wp-content\/uploads\/2015\/05\/wir-sind-eppendorf-logo3.png 345w, https:\/\/www.rettetdenvolksentscheid.de\/wordpress\/wp-content\/uploads\/2015\/05\/wir-sind-eppendorf-logo3-300x50.png 300w\" sizes=\"(max-width: 224px) 100vw, 224px\" \/><\/a>\u00a0\u00a0\u00a0 \u00a0 \u00a0 <a href=\"http:\/\/zukunft-elbinsel.de\/\"><img loading=\"lazy\" class=\"wp-image-591 alignnone\" src=\"https:\/\/www.rettetdenvolksentscheid.de\/wordpress\/wp-content\/uploads\/2015\/05\/logo_Zukunft_Elbinsel.jpg\" alt=\"logo_zukunft_elbinsel\" width=\"154\" height=\"52\" \/><\/a><\/p>\n<div class=\"twoclick_social_bookmarks_post_159 social_share_privacy clearfix 1.6.4 locale-de_DE sprite-de_DE\"><\/div><div class=\"twoclick-js\"><script type=\"text\/javascript\">\/* <![CDATA[ *\/\njQuery(document).ready(function($){if($('.twoclick_social_bookmarks_post_159')){$('.twoclick_social_bookmarks_post_159').socialSharePrivacy({\"services\":{\"facebook\":{\"status\":\"on\",\"txt_info\":\"2 Klicks f\\u00fcr mehr Datenschutz: Erst wenn Sie hier klicken, wird der Button aktiv und Sie k\\u00f6nnen Ihre Empfehlung an Facebook senden. Schon beim Aktivieren werden Daten an Dritte \\u00fcbertragen - siehe <em>i<\\\/em>.\",\"perma_option\":\"off\",\"action\":\"recommend\",\"language\":\"de_DE\"},\"twitter\":{\"reply_to\":\"\",\"tweet_text\":\"Der%20Tr%C3%A4gerkreis%20%C2%BB%20Rettet%20den%20Volksentscheid\",\"status\":\"on\",\"txt_info\":\"2 Klicks f\\u00fcr mehr Datenschutz: Erst wenn Sie hier klicken, wird der Button aktiv und Sie k\\u00f6nnen Ihre Empfehlung an Twitter senden. Schon beim Aktivieren werden Daten an Dritte \\u00fcbertragen - siehe <em>i<\\\/em>.\",\"perma_option\":\"off\",\"language\":\"de\",\"referrer_track\":\"\"},\"gplus\":{\"status\":\"on\",\"txt_info\":\"2 Klicks f\\u00fcr mehr Datenschutz: Erst wenn Sie hier klicken, wird der Button aktiv und Sie k\\u00f6nnen Ihre Empfehlung an Google+ senden. Schon beim Aktivieren werden Daten an Dritte \\u00fcbertragen - siehe <em>i<\\\/em>.\",\"perma_option\":\"off\",\"referrer_track\":\"\"},\"xing\":{\"status\":\"on\",\"txt_info\":\"2 Klicks f\\u00fcr mehr Datenschutz: Erst wenn Sie hier klicken, wird der Button aktiv und Sie k\\u00f6nnen Ihre Empfehlung an Xing senden. Schon beim Aktivieren werden Daten an Dritte \\u00fcbertragen - siehe <em>i<\\\/em>.\",\"perma_option\":\"off\",\"language\":\"de\",\"referrer_track\":\"\"}},\"txt_help\":\"Wenn Sie diese Felder durch einen Klick aktivieren, werden Informationen an Facebook, Twitter, Flattr, Xing, t3n, LinkedIn, Pinterest oder Google eventuell ins Ausland \\u00fcbertragen und unter Umst\\u00e4nden auch dort gespeichert. N\\u00e4heres erfahren Sie durch einen Klick auf das <em>i<\\\/em>.\",\"settings_perma\":\"Dauerhaft aktivieren und Daten\\u00fcber-tragung zustimmen:\",\"info_link\":\"http:\\\/\\\/www.heise.de\\\/ct\\\/artikel\\\/2-Klicks-fuer-mehr-Datenschutz-1333879.html\",\"uri\":\"https:\\\/\\\/www.rettetdenvolksentscheid.de\\\/wordpress\\\/der-traegerkreis\\\/\",\"post_id\":159,\"post_title_referrer_track\":\"Der+Tr%C3%A4gerkreis\",\"display_infobox\":\"off\"});}});\n\/* ]]> *\/<\/script><\/div>","protected":false},"excerpt":{"rendered":"<p>besteht aus folgenden Initiativen: Altonaer Manifest f\u00fcr eine sozial gerechte Stadtentwicklung anna elbe &#8211; Weitblick f\u00fcr Hamburg &#8211; Wir sagen NEIN zum Ausverkauf von \u00f6ffentlichen R\u00e4umen attac Hamburg B\u00fcrgerinitiative Dieselstra\u00dfenland &#8211; f\u00fcr ein lebenswertes Barmbek-Nord! Cannabis Social Club Hamburg e.V. DIDF Jugend Hamburg Die LINKE Landesverband Hamburg Konsequent sozial. F\u00fcr Demokratie und Frieden. Die LINKE [&hellip;]<\/p>\n","protected":false},"author":2,"featured_media":0,"parent":0,"menu_order":0,"comment_status":"closed","ping_status":"closed","template":"","meta":[],"_links":{"self":[{"href":"https:\/\/www.rettetdenvolksentscheid.de\/wordpress\/wp-json\/wp\/v2\/pages\/159"}],"collection":[{"href":"https:\/\/www.rettetdenvolksentscheid.de\/wordpress\/wp-json\/wp\/v2\/pages"}],"about":[{"href":"https:\/\/www.rettetdenvolksentscheid.de\/wordpress\/wp-json\/wp\/v2\/types\/page"}],"author":[{"embeddable":true,"href":"https:\/\/www.rettetdenvolksentscheid.de\/wordpress\/wp-json\/wp\/v2\/users\/2"}],"replies":[{"embeddable":true,"href":"https:\/\/www.rettetdenvolksentscheid.de\/wordpress\/wp-json\/wp\/v2\/comments?post=159"}],"version-history":[{"count":24,"href":"https:\/\/www.rettetdenvolksentscheid.de\/wordpress\/wp-json\/wp\/v2\/pages\/159\/revisions"}],"predecessor-version":[{"id":640,"href":"https:\/\/www.rettetdenvolksentscheid.de\/wordpress\/wp-json\/wp\/v2\/pages\/159\/revisions\/640"}],"wp:attachment":[{"href":"https:\/\/www.rettetdenvolksentscheid.de\/wordpress\/wp-json\/wp\/v2\/media?parent=159"}],"curies":[{"name":"wp","href":"https:\/\/api.w.org\/{rel}","templated":true}]}}