{"id":34,"date":"2015-05-20T12:46:13","date_gmt":"2015-05-20T10:46:13","guid":{"rendered":"http:\/\/www.rettetdenvolksentscheid.de\/wordpress\/?page_id=34"},"modified":"2016-10-07T17:59:54","modified_gmt":"2016-10-07T15:59:54","slug":"verfassungsaenderung","status":"publish","type":"page","link":"https:\/\/www.rettetdenvolksentscheid.de\/wordpress\/verfassungsaenderung\/","title":{"rendered":"Verfassungs\u00e4nderung vom Juni 2015"},"content":{"rendered":"<h3>Verfassungs\u00e4nderung im Zuge von Olympia<\/h3>\n<p>Bis Mai 2015 gab es noch keine M\u00f6glichkeit zur \u201cVolksbefragung von oben\u201d, also durch B\u00fcrgerschaft und Senat. Daher musste Artikel 50 der Hamburger Verfassung ge\u00e4ndert werden, sollte es eine Volksbefragung zu den olympischen Spielen in Hamburg geben.<\/p>\n<p>Doch die Einf\u00fchrung des &#8222;B\u00fcrgerschaftsreferendums&#8220; in die Verfassung durch SPD, Gr\u00fcne, CDU und AfD unterwandert sehr raffiniert die lang erstrittene b\u00fcrgerfreundliche Volksgesetzgebung in Hamburg. Die B\u00fcrgerschaft hat sich selbst ein Instrument geschaffen, mit dem sie direkt verhindern kann, dass die Hamburgerinnen und Hamburger \u00fcber Gesetzes- oder Gestaltungsvorschl\u00e4ge aus dem Volk abstimmen. Die B\u00fcrgerschaft kann allein durch den Beschluss, ein Referendum abzuhalten, ganz Themenbereiche auf unbestimmte Zeit f\u00fcr Volksinitiativen sperren.<\/p>\n<p>Der Staatsrechtler Prof. Hans Meyer, ehem. Pr\u00e4sident der Humboldt-Universit\u00e4t zu Berlin, sagt: &#8222;<strong>Die Verfassungs\u00e4nderungen sind geeignet, Volksinitiativen im Keim zu ersticken.<\/strong>&#8220;<\/p>\n<div id=\"attachment_148\" style=\"width: 112px\" class=\"wp-caption alignleft\"><a href=\"https:\/\/www.rettetdenvolksentscheid.de\/wordpress\/wp-content\/uploads\/2015\/05\/angelika_gardiner.jpg\" rel=\"attachment wp-att-148\"><img aria-describedby=\"caption-attachment-148\" loading=\"lazy\" class=\"size-full wp-image-148\" src=\"https:\/\/www.rettetdenvolksentscheid.de\/wordpress\/wp-content\/uploads\/2015\/05\/angelika_gardiner.jpg\" alt=\"Angelika Gardiner, Vertrauensperson der Initiative\" width=\"102\" height=\"120\" \/><\/a><p id=\"caption-attachment-148\" class=\"wp-caption-text\">Angelika Gardiner, Vertrauensperson der Initiative<\/p><\/div>\n<hr \/>\n<p>\u201cDie Sache ist so unglaublich, dass es viele tats\u00e4chlich nicht glauben k\u00f6nnen. Wer h\u00e4tte gedacht, dass sich die Gr\u00fcnen mit SPD, CDU und AfD verb\u00fcnden, um die Volksgesetzgebung in Hamburg auszuhebeln? Die Volksgesetzgebung in Hamburg, die bisher das Parlament in wichtigen Fragen korrigieren konnte, ist damit de facto tot.&#8220;<\/p>\n<hr \/>\n<h4 class=\"western\">Wie die B\u00fcrgerschaft mit dem Instrument &#8222;Referendum&#8220; verhindern kann, dass Gesetzes- und Gestaltungsvorschl\u00e4ge von Volksinitiativen erfolgreich zum Volksentscheid kommen:<\/h4>\n<ul>\n<li>Nachdem die B\u00fcrgerschaft beschlossen hat, ein Referendum abzuhalten, haben weder B\u00fcrgerinnen und B\u00fcrger noch die Opposition die M\u00f6glichkeit einen Alternativvorschlag zur Abstimmung zu entwickeln und einzubringen.<\/li>\n<li>Laufende Volksinitiativen werden gestoppt, sobald die B\u00fcrgerschaft ein Referendum zum selben Thema beschlie\u00dft, ohne Chance, dass ihre Position als Alternative in die Abstimmung aufgenommen wird.<\/li>\n<li>Nach dem B\u00fcrgerschaftsbeschluss f\u00fcr ein Referendum haben erfolgreiche Volksinitiativen zum selben Thema nur zwei Wochen Zeit, um die dreiw\u00f6chige Frist f\u00fcr das Sammeln von 65.000 Unterschriften zu organisieren, damit ihre Position als Alternative in die Abstimmung aufgenommen wird. Damit werden die Initiativen in ein Verfahren gezwungen, das die meisten aus finanziellen und organisatorischen Gr\u00fcnden nicht schaffen k\u00f6nnen.<\/li>\n<li>Beschlie\u00dft die B\u00fcrgerschaft ein Referendum zu einem Gegenstand, zu dem es bereits ein erfolgreiches Volksbegehren gibt, wird dessen Anliegen dem Referendum als Gegenvorlage beigef\u00fcgt. Die Volksinitiative, Tr\u00e4ger des Volksbegehrens, verliert durch den Referendumsbeschluss aber das Recht, den Zeitpunkt der Volksabstimmung zu bestimmen. In der Regel bevorzugen sie den Tag einer Wahl zur B\u00fcrgerschaft oder zum Bundestag, da die Zustimmungsquoren leichter zu erreichen sind. Wenn die B\u00fcrgerschaft die Abstimmung nicht auf einen Wahltag legt, ist das Risiko erheblich, dass beide Vorlagen am Zustimmungsquorum (20 % aller Wahlberechtigten m\u00fcssen Ja zu einer Vorlage sagen) scheitern werden.<\/li>\n<li>Werden Volksbegehren, die eine Verfassungs\u00e4nderung zum Ziel haben, durch einen Referendumsbeschluss \u00fcbernommen, dann gilt ein neu eingef\u00fchrtes, versch\u00e4rftes Quorum f\u00fcr das Referendum: 50 % aller Wahlberechtigten und zugleich 2\/3 aller Abstimmenden<br \/>\nm\u00fcssen zustimmen, wenn das Referendum nicht am Tag der Wahl zum Bundestag oder zur B\u00fcrgerschaft stattfindet. So ein Quorum wurde weltweit bisher erst zweimal \u00fcberwunden. Verfassungs\u00e4nderungen durch das Volk k\u00f6nnen damit von Senat und B\u00fcrgerschaft in jedem Fall verhindert werden.<\/li>\n<li>B\u00fcrgerschaft und Senat k\u00f6nnen die Durchf\u00fchrung eines Referendums auf unbestimmte Zeit hinausz\u00f6gern, wenn sie nach dem Beschluss ein Referendum abzuhalten, keinen Beschluss zum Zeitpunkt des Referendums herbeif\u00fchren. Volksinitiativen und Volksbegehren zum selben Thema ruhen in der Zeit.<\/li>\n<li>Nach einem B\u00fcrgerschaftsreferendum, werden Volksinitiativen zum gleichen Thema bis zum Ende der Legislaturperiode und mindestens drei Jahre verboten.<\/li>\n<\/ul>\n<p>Dokumente:<\/p>\n<p><a href=\"https:\/\/www.rettetdenvolksentscheid.de\/wordpress\/wp-content\/uploads\/2015\/05\/Artikel-50-nach-Verfassungsaenderung.pdf\">Der ge\u00e4nderte Artikel 50 der Hamburger Verfassung<\/a><\/p>\n<p><a href=\"http:\/\/www.spd-hamburg.de\/linkableblob\/128888\/data\/referendum_download.pdf\" target=\"_blank\">Antrag der B\u00fcrgerschaft als PDF<\/a><\/p>\n<div class=\"twoclick_social_bookmarks_post_34 social_share_privacy clearfix 1.6.4 locale-de_DE sprite-de_DE\"><\/div><div class=\"twoclick-js\"><script type=\"text\/javascript\">\/* <![CDATA[ *\/\njQuery(document).ready(function($){if($('.twoclick_social_bookmarks_post_34')){$('.twoclick_social_bookmarks_post_34').socialSharePrivacy({\"services\":{\"facebook\":{\"status\":\"on\",\"txt_info\":\"2 Klicks f\\u00fcr mehr Datenschutz: Erst wenn Sie hier klicken, wird der Button aktiv und Sie k\\u00f6nnen Ihre Empfehlung an Facebook senden. Schon beim Aktivieren werden Daten an Dritte \\u00fcbertragen - siehe <em>i<\\\/em>.\",\"perma_option\":\"off\",\"action\":\"recommend\",\"language\":\"de_DE\"},\"twitter\":{\"reply_to\":\"\",\"tweet_text\":\"Verfassungs%C3%A4nderung%20vom%20Juni%202015%20%C2%BB%20Rettet%20den%20Volksentscheid\",\"status\":\"on\",\"txt_info\":\"2 Klicks f\\u00fcr mehr Datenschutz: Erst wenn Sie hier klicken, wird der Button aktiv und Sie k\\u00f6nnen Ihre Empfehlung an Twitter senden. Schon beim Aktivieren werden Daten an Dritte \\u00fcbertragen - siehe <em>i<\\\/em>.\",\"perma_option\":\"off\",\"language\":\"de\",\"referrer_track\":\"\"},\"gplus\":{\"status\":\"on\",\"txt_info\":\"2 Klicks f\\u00fcr mehr Datenschutz: Erst wenn Sie hier klicken, wird der Button aktiv und Sie k\\u00f6nnen Ihre Empfehlung an Google+ senden. Schon beim Aktivieren werden Daten an Dritte \\u00fcbertragen - siehe <em>i<\\\/em>.\",\"perma_option\":\"off\",\"referrer_track\":\"\"},\"xing\":{\"status\":\"on\",\"txt_info\":\"2 Klicks f\\u00fcr mehr Datenschutz: Erst wenn Sie hier klicken, wird der Button aktiv und Sie k\\u00f6nnen Ihre Empfehlung an Xing senden. Schon beim Aktivieren werden Daten an Dritte \\u00fcbertragen - siehe <em>i<\\\/em>.\",\"perma_option\":\"off\",\"language\":\"de\",\"referrer_track\":\"\"}},\"txt_help\":\"Wenn Sie diese Felder durch einen Klick aktivieren, werden Informationen an Facebook, Twitter, Flattr, Xing, t3n, LinkedIn, Pinterest oder Google eventuell ins Ausland \\u00fcbertragen und unter Umst\\u00e4nden auch dort gespeichert. N\\u00e4heres erfahren Sie durch einen Klick auf das <em>i<\\\/em>.\",\"settings_perma\":\"Dauerhaft aktivieren und Daten\\u00fcber-tragung zustimmen:\",\"info_link\":\"http:\\\/\\\/www.heise.de\\\/ct\\\/artikel\\\/2-Klicks-fuer-mehr-Datenschutz-1333879.html\",\"uri\":\"https:\\\/\\\/www.rettetdenvolksentscheid.de\\\/wordpress\\\/verfassungsaenderung\\\/\",\"post_id\":34,\"post_title_referrer_track\":\"Verfassungs%C3%A4nderung+vom+Juni+2015\",\"display_infobox\":\"off\"});}});\n\/* ]]> *\/<\/script><\/div>","protected":false},"excerpt":{"rendered":"<p>Verfassungs\u00e4nderung im Zuge von Olympia Bis Mai 2015 gab es noch keine M\u00f6glichkeit zur \u201cVolksbefragung von oben\u201d, also durch B\u00fcrgerschaft und Senat. Daher musste Artikel 50 der Hamburger Verfassung ge\u00e4ndert werden, sollte es eine Volksbefragung zu den olympischen Spielen in Hamburg geben. Doch die Einf\u00fchrung des &#8222;B\u00fcrgerschaftsreferendums&#8220; in die Verfassung durch SPD, Gr\u00fcne, CDU und [&hellip;]<\/p>\n","protected":false},"author":3,"featured_media":0,"parent":0,"menu_order":0,"comment_status":"open","ping_status":"open","template":"","meta":[],"_links":{"self":[{"href":"https:\/\/www.rettetdenvolksentscheid.de\/wordpress\/wp-json\/wp\/v2\/pages\/34"}],"collection":[{"href":"https:\/\/www.rettetdenvolksentscheid.de\/wordpress\/wp-json\/wp\/v2\/pages"}],"about":[{"href":"https:\/\/www.rettetdenvolksentscheid.de\/wordpress\/wp-json\/wp\/v2\/types\/page"}],"author":[{"embeddable":true,"href":"https:\/\/www.rettetdenvolksentscheid.de\/wordpress\/wp-json\/wp\/v2\/users\/3"}],"replies":[{"embeddable":true,"href":"https:\/\/www.rettetdenvolksentscheid.de\/wordpress\/wp-json\/wp\/v2\/comments?post=34"}],"version-history":[{"count":17,"href":"https:\/\/www.rettetdenvolksentscheid.de\/wordpress\/wp-json\/wp\/v2\/pages\/34\/revisions"}],"predecessor-version":[{"id":632,"href":"https:\/\/www.rettetdenvolksentscheid.de\/wordpress\/wp-json\/wp\/v2\/pages\/34\/revisions\/632"}],"wp:attachment":[{"href":"https:\/\/www.rettetdenvolksentscheid.de\/wordpress\/wp-json\/wp\/v2\/media?parent=34"}],"curies":[{"name":"wp","href":"https:\/\/api.w.org\/{rel}","templated":true}]}}