{"id":44,"date":"2015-05-20T13:06:03","date_gmt":"2015-05-20T11:06:03","guid":{"rendered":"http:\/\/www.rettetdenvolksentscheid.de\/wordpress\/?page_id=44"},"modified":"2016-09-26T16:49:38","modified_gmt":"2016-09-26T14:49:38","slug":"downloads","status":"publish","type":"page","link":"https:\/\/www.rettetdenvolksentscheid.de\/wordpress\/downloads\/","title":{"rendered":"Material"},"content":{"rendered":"<h2><strong>Antrag auf Briefeintragung<\/strong><\/h2>\n<p><a href=\"https:\/\/www.rettetdenvolksentscheid.de\/wordpress\/wp-content\/uploads\/2016\/09\/20160925_RdV-Briefeintragung-Formular-download.pdf\" target=\"_blank\">Rettet den Volksentscheid: Formular f\u00fcr den Antrag auf Briefeintragung<\/a><\/p>\n<p><a href=\"https:\/\/www.rettetdenvolksentscheid.de\/wordpress\/wp-content\/uploads\/2016\/02\/Briefeintragung-1.png\" target=\"_blank\">Rettet den Volksentscheid: Button Briefeintragung beantragen (1)<\/a><\/p>\n<p><a href=\"https:\/\/www.rettetdenvolksentscheid.de\/wordpress\/wp-content\/uploads\/2016\/02\/Briefeintragung-2-1.png\" target=\"_blank\">Rettet den Volksentscheid: Button Briefeintragung beantragen (2)<\/a><\/p>\n<hr \/>\n<h2><\/h2>\n<h2>Der Gesetzentwurf<\/h2>\n<p><a class=\"pdf-mini\" href=\"https:\/\/www.rettetdenvolksentscheid.de\/wordpress\/wp-content\/uploads\/2016\/03\/RdV-Ges.-Endfassung-24.3.16-1.pdf\" target=\"_blank\">Rettet den Volksentscheid: Gesetzentwurf<\/a><br \/>\n<a class=\"pdf-mini\" href=\"https:\/\/www.rettetdenvolksentscheid.de\/wordpress\/wp-content\/uploads\/2016\/04\/Endfassung-Begru\u0308ndung-RdV-2.pdf\">Rettet den Volksentscheid: Begr\u00fcndung<\/a><\/p>\n<hr style=\"margin: 40px; clear: both;\" \/>\n<h2>Antrag der B\u00fcrgerschaft<\/h2>\n<p><a class=\"pdf-mini\" href=\"http:\/\/www.rettetdenvolksentscheid.de\/wordpress\/wp-content\/uploads\/2015\/05\/Antrag-Verfassungsaenderung.pdf\" target=\"_blank\">Antrag auf \u00c4nderung der Verfassung<\/a><br \/>\n<a class=\"pdf-mini\" href=\"http:\/\/www.rettetdenvolksentscheid.de\/wordpress\/wp-content\/uploads\/2015\/05\/Fallanalyse-Verfassungsaenderung-.pdf\" target=\"_blank\">Fallanalyse: Auswirkungen\u00a0der Verfassungs\u00e4nderung<\/a><\/p>\n<div class=\"twoclick_social_bookmarks_post_44 social_share_privacy clearfix 1.6.4 locale-de_DE sprite-de_DE\"><\/div><div class=\"twoclick-js\"><script type=\"text\/javascript\">\/* <![CDATA[ *\/\njQuery(document).ready(function($){if($('.twoclick_social_bookmarks_post_44')){$('.twoclick_social_bookmarks_post_44').socialSharePrivacy({\"services\":{\"facebook\":{\"status\":\"on\",\"txt_info\":\"2 Klicks f\\u00fcr mehr Datenschutz: Erst wenn Sie hier klicken, wird der Button aktiv und Sie k\\u00f6nnen Ihre Empfehlung an Facebook senden. Schon beim Aktivieren werden Daten an Dritte \\u00fcbertragen - siehe <em>i<\\\/em>.\",\"perma_option\":\"off\",\"action\":\"recommend\",\"language\":\"de_DE\"},\"twitter\":{\"reply_to\":\"\",\"tweet_text\":\"Material%20%C2%BB%20Rettet%20den%20Volksentscheid\",\"status\":\"on\",\"txt_info\":\"2 Klicks f\\u00fcr mehr Datenschutz: Erst wenn Sie hier klicken, wird der Button aktiv und Sie k\\u00f6nnen Ihre Empfehlung an Twitter senden. Schon beim Aktivieren werden Daten an Dritte \\u00fcbertragen - siehe <em>i<\\\/em>.\",\"perma_option\":\"off\",\"language\":\"de\",\"referrer_track\":\"\"},\"gplus\":{\"status\":\"on\",\"txt_info\":\"2 Klicks f\\u00fcr mehr Datenschutz: Erst wenn Sie hier klicken, wird der Button aktiv und Sie k\\u00f6nnen Ihre Empfehlung an Google+ senden. Schon beim Aktivieren werden Daten an Dritte \\u00fcbertragen - siehe <em>i<\\\/em>.\",\"perma_option\":\"off\",\"referrer_track\":\"\"},\"xing\":{\"status\":\"on\",\"txt_info\":\"2 Klicks f\\u00fcr mehr Datenschutz: Erst wenn Sie hier klicken, wird der Button aktiv und Sie k\\u00f6nnen Ihre Empfehlung an Xing senden. Schon beim Aktivieren werden Daten an Dritte \\u00fcbertragen - siehe <em>i<\\\/em>.\",\"perma_option\":\"off\",\"language\":\"de\",\"referrer_track\":\"\"}},\"txt_help\":\"Wenn Sie diese Felder durch einen Klick aktivieren, werden Informationen an Facebook, Twitter, Flattr, Xing, t3n, LinkedIn, Pinterest oder Google eventuell ins Ausland \\u00fcbertragen und unter Umst\\u00e4nden auch dort gespeichert. N\\u00e4heres erfahren Sie durch einen Klick auf das <em>i<\\\/em>.\",\"settings_perma\":\"Dauerhaft aktivieren und Daten\\u00fcber-tragung zustimmen:\",\"info_link\":\"http:\\\/\\\/www.heise.de\\\/ct\\\/artikel\\\/2-Klicks-fuer-mehr-Datenschutz-1333879.html\",\"uri\":\"https:\\\/\\\/www.rettetdenvolksentscheid.de\\\/wordpress\\\/downloads\\\/\",\"post_id\":44,\"post_title_referrer_track\":\"Material\",\"display_infobox\":\"off\"});}});\n\/* ]]> *\/<\/script><\/div>","protected":false},"excerpt":{"rendered":"<p>Antrag auf Briefeintragung Rettet den Volksentscheid: Formular f\u00fcr den Antrag auf Briefeintragung Rettet den Volksentscheid: Button Briefeintragung beantragen (1) Rettet den Volksentscheid: Button Briefeintragung beantragen (2) Der Gesetzentwurf Rettet den Volksentscheid: Gesetzentwurf Rettet den Volksentscheid: Begr\u00fcndung Antrag der B\u00fcrgerschaft Antrag auf \u00c4nderung der Verfassung Fallanalyse: Auswirkungen\u00a0der Verfassungs\u00e4nderung<\/p>\n","protected":false},"author":3,"featured_media":0,"parent":0,"menu_order":0,"comment_status":"open","ping_status":"open","template":"","meta":[],"_links":{"self":[{"href":"https:\/\/www.rettetdenvolksentscheid.de\/wordpress\/wp-json\/wp\/v2\/pages\/44"}],"collection":[{"href":"https:\/\/www.rettetdenvolksentscheid.de\/wordpress\/wp-json\/wp\/v2\/pages"}],"about":[{"href":"https:\/\/www.rettetdenvolksentscheid.de\/wordpress\/wp-json\/wp\/v2\/types\/page"}],"author":[{"embeddable":true,"href":"https:\/\/www.rettetdenvolksentscheid.de\/wordpress\/wp-json\/wp\/v2\/users\/3"}],"replies":[{"embeddable":true,"href":"https:\/\/www.rettetdenvolksentscheid.de\/wordpress\/wp-json\/wp\/v2\/comments?post=44"}],"version-history":[{"count":49,"href":"https:\/\/www.rettetdenvolksentscheid.de\/wordpress\/wp-json\/wp\/v2\/pages\/44\/revisions"}],"predecessor-version":[{"id":609,"href":"https:\/\/www.rettetdenvolksentscheid.de\/wordpress\/wp-json\/wp\/v2\/pages\/44\/revisions\/609"}],"wp:attachment":[{"href":"https:\/\/www.rettetdenvolksentscheid.de\/wordpress\/wp-json\/wp\/v2\/media?parent=44"}],"curies":[{"name":"wp","href":"https:\/\/api.w.org\/{rel}","templated":true}]}}