{"id":70,"date":"2015-05-27T15:41:04","date_gmt":"2015-05-27T13:41:04","guid":{"rendered":"http:\/\/www.rettetdenvolksentscheid.de\/wordpress\/?page_id=70"},"modified":"2016-10-09T16:33:10","modified_gmt":"2016-10-09T14:33:10","slug":"rettet-den-volksentscheid","status":"publish","type":"page","link":"https:\/\/www.rettetdenvolksentscheid.de\/wordpress\/rettet-den-volksentscheid\/","title":{"rendered":"Rettet den Volksentscheid"},"content":{"rendered":"<p><a href=\"https:\/\/www.rettetdenvolksentscheid.de\/wordpress\/auswirkungen-der-verfassungsaenderung\/\">Auswirkungen der Verfassungs\u00e4nderung vom Juni 2015<\/a><\/p>\n<p><a href=\"?page_id=102\">Gesetzentwurf von &#8222;Rettet den Volksentscheid&#8220;<\/a><br \/>\n<a href=\"?page_id=74\">Allgemeine Begr\u00fcndung<\/a><br \/>\n<a href=\"?page_id=111\">Begr\u00fcndung im Einzelnen<\/a><br \/>\n<a href=\"https:\/\/www.rettetdenvolksentscheid.de\/wordpress\/wp-content\/uploads\/2016\/07\/ha\u0308ufig-gestellte-fragen-rdv-1.pdf\">20 h\u00e4ufig gestellte Fragen<\/a><\/p>\n<hr \/>\n<h3>Verfassungs\u00e4nderung im Zuge von Olympia<\/h3>\n<p>Bis Mai 2015 gab es noch keine M\u00f6glichkeit zur \u201cVolksbefragung von oben\u201d, also durch B\u00fcrgerschaft und Senat. Daher musste die Verfassung ge\u00e4ndert werden, sollte es eine Volksbefragung zu den olympischen Spielen in Hamburg geben. Denn der \u201cDeutsche Olympische Sportbund\u201d hatte dieses Votum zur Bedingung gemacht.<\/p>\n<p>Doch die Einf\u00fchrung des &#8222;B\u00fcrgerschaftsreferendums&#8220; in die Verfassung durch SPD, Gr\u00fcne, CDU und AfD unterwanderte wie nebenbei die lang erstrittene b\u00fcrgerfreundliche Volksgesetzgebung in Hamburg. Die B\u00fcrgerschaft hatte sich selbst ein Instrument geschaffen, mit dem sie direkt verhindern kann, dass die Hamburgerinnen und Hamburger \u00fcber die Gesetzes- oder Gestaltungsvorschl\u00e4ge von Volksinitiativen abstimmen.<\/p>\n<ul>\n<li>Laufende Volksinitiativen werden gestoppt, sobald die B\u00fcrgerschaft ein Referendum zum selben Thema beschlie\u00dft, ohne Chance, dass ihre Position als Alternative in die Abstimmung aufgenommen wird.<\/li>\n<li>Nach dem B\u00fcrgerschaftsbeschluss f\u00fcr ein Referendum haben erfolgreiche Volksinitiativen zum selben Thema nur zwei Wochen Zeit, um die dreiw\u00f6chige Frist f\u00fcr das Sammeln von 65.000 Unterschriften zu organisieren, damit ihre Position als Alternative in die Abstimmung aufgenommen wird. Damit werden die Initiativen in ein Verfahren gezwungen, das die meisten aus finanziellen und organisatorischen Gr\u00fcnden nicht schaffen k\u00f6nnen.<\/li>\n<li>Volksinitiativen zum gleichen Thema werden auf Jahre ausgeschlossen, sobald die B\u00fcrgerschaft beschlie\u00dft, ein Referendum abzuhalten.<\/li>\n<\/ul>\n<p>Prof. Hans Meyer, ehem. Pr\u00e4sident der Humboldt-Universit\u00e4t zu Berlin: &#8222;&#8220;<strong>Die Verfassungs\u00e4nderungen sind geeignet, Volksinitiativen im Keim zu ersticken<\/strong>&#8220;<\/p>\n<div id=\"attachment_148\" style=\"width: 112px\" class=\"wp-caption alignleft\"><a href=\"https:\/\/www.rettetdenvolksentscheid.de\/wordpress\/wp-content\/uploads\/2015\/05\/angelika_gardiner.jpg\" rel=\"attachment wp-att-148\"><img aria-describedby=\"caption-attachment-148\" loading=\"lazy\" class=\"size-full wp-image-148\" src=\"https:\/\/www.rettetdenvolksentscheid.de\/wordpress\/wp-content\/uploads\/2015\/05\/angelika_gardiner.jpg\" alt=\"Angelika Gardiner, Vertrauensperson der Initiative\" width=\"102\" height=\"120\" \/><\/a><p id=\"caption-attachment-148\" class=\"wp-caption-text\">Angelika Gardiner, Vertrauensperson der Initiative<\/p><\/div>\n<p>\u201cDie Sache ist so unglaublich, dass es viele tats\u00e4chlich nicht glauben k\u00f6nnen. Wer h\u00e4tte gedacht, dass sich die Gr\u00fcnen mit SPD, CDU und AfD verb\u00fcnden, um die Volksgesetzgebung in Hamburg auszuhebeln? Die Volksgesetzgebung in Hamburg, die bisher das Parlament in wichtigen Fragen korrigieren konnte, ist damit de facto tot.&#8220;<\/p>\n<p>&nbsp;<\/p>\n<p>&nbsp;<\/p>\n<div class=\"twoclick_social_bookmarks_post_70 social_share_privacy clearfix 1.6.4 locale-de_DE sprite-de_DE\"><\/div><div class=\"twoclick-js\"><script type=\"text\/javascript\">\/* <![CDATA[ *\/\njQuery(document).ready(function($){if($('.twoclick_social_bookmarks_post_70')){$('.twoclick_social_bookmarks_post_70').socialSharePrivacy({\"services\":{\"facebook\":{\"status\":\"on\",\"txt_info\":\"2 Klicks f\\u00fcr mehr Datenschutz: Erst wenn Sie hier klicken, wird der Button aktiv und Sie k\\u00f6nnen Ihre Empfehlung an Facebook senden. Schon beim Aktivieren werden Daten an Dritte \\u00fcbertragen - siehe <em>i<\\\/em>.\",\"perma_option\":\"off\",\"action\":\"recommend\",\"language\":\"de_DE\"},\"twitter\":{\"reply_to\":\"\",\"tweet_text\":\"Rettet%20den%20Volksentscheid%20%C2%BB%20Rettet%20den%20Volksentscheid\",\"status\":\"on\",\"txt_info\":\"2 Klicks f\\u00fcr mehr Datenschutz: Erst wenn Sie hier klicken, wird der Button aktiv und Sie k\\u00f6nnen Ihre Empfehlung an Twitter senden. Schon beim Aktivieren werden Daten an Dritte \\u00fcbertragen - siehe <em>i<\\\/em>.\",\"perma_option\":\"off\",\"language\":\"de\",\"referrer_track\":\"\"},\"gplus\":{\"status\":\"on\",\"txt_info\":\"2 Klicks f\\u00fcr mehr Datenschutz: Erst wenn Sie hier klicken, wird der Button aktiv und Sie k\\u00f6nnen Ihre Empfehlung an Google+ senden. Schon beim Aktivieren werden Daten an Dritte \\u00fcbertragen - siehe <em>i<\\\/em>.\",\"perma_option\":\"off\",\"referrer_track\":\"\"},\"xing\":{\"status\":\"on\",\"txt_info\":\"2 Klicks f\\u00fcr mehr Datenschutz: Erst wenn Sie hier klicken, wird der Button aktiv und Sie k\\u00f6nnen Ihre Empfehlung an Xing senden. Schon beim Aktivieren werden Daten an Dritte \\u00fcbertragen - siehe <em>i<\\\/em>.\",\"perma_option\":\"off\",\"language\":\"de\",\"referrer_track\":\"\"}},\"txt_help\":\"Wenn Sie diese Felder durch einen Klick aktivieren, werden Informationen an Facebook, Twitter, Flattr, Xing, t3n, LinkedIn, Pinterest oder Google eventuell ins Ausland \\u00fcbertragen und unter Umst\\u00e4nden auch dort gespeichert. N\\u00e4heres erfahren Sie durch einen Klick auf das <em>i<\\\/em>.\",\"settings_perma\":\"Dauerhaft aktivieren und Daten\\u00fcber-tragung zustimmen:\",\"info_link\":\"http:\\\/\\\/www.heise.de\\\/ct\\\/artikel\\\/2-Klicks-fuer-mehr-Datenschutz-1333879.html\",\"uri\":\"https:\\\/\\\/www.rettetdenvolksentscheid.de\\\/wordpress\\\/rettet-den-volksentscheid\\\/\",\"post_id\":70,\"post_title_referrer_track\":\"Rettet+den+Volksentscheid\",\"display_infobox\":\"off\"});}});\n\/* ]]> *\/<\/script><\/div>","protected":false},"excerpt":{"rendered":"<p>Auswirkungen der Verfassungs\u00e4nderung vom Juni 2015 Gesetzentwurf von &#8222;Rettet den Volksentscheid&#8220; Allgemeine Begr\u00fcndung Begr\u00fcndung im Einzelnen 20 h\u00e4ufig gestellte Fragen Verfassungs\u00e4nderung im Zuge von Olympia Bis Mai 2015 gab es noch keine M\u00f6glichkeit zur \u201cVolksbefragung von oben\u201d, also durch B\u00fcrgerschaft und Senat. Daher musste die Verfassung ge\u00e4ndert werden, sollte es eine Volksbefragung zu den olympischen [&hellip;]<\/p>\n","protected":false},"author":3,"featured_media":0,"parent":0,"menu_order":0,"comment_status":"closed","ping_status":"closed","template":"","meta":[],"_links":{"self":[{"href":"https:\/\/www.rettetdenvolksentscheid.de\/wordpress\/wp-json\/wp\/v2\/pages\/70"}],"collection":[{"href":"https:\/\/www.rettetdenvolksentscheid.de\/wordpress\/wp-json\/wp\/v2\/pages"}],"about":[{"href":"https:\/\/www.rettetdenvolksentscheid.de\/wordpress\/wp-json\/wp\/v2\/types\/page"}],"author":[{"embeddable":true,"href":"https:\/\/www.rettetdenvolksentscheid.de\/wordpress\/wp-json\/wp\/v2\/users\/3"}],"replies":[{"embeddable":true,"href":"https:\/\/www.rettetdenvolksentscheid.de\/wordpress\/wp-json\/wp\/v2\/comments?post=70"}],"version-history":[{"count":21,"href":"https:\/\/www.rettetdenvolksentscheid.de\/wordpress\/wp-json\/wp\/v2\/pages\/70\/revisions"}],"predecessor-version":[{"id":634,"href":"https:\/\/www.rettetdenvolksentscheid.de\/wordpress\/wp-json\/wp\/v2\/pages\/70\/revisions\/634"}],"wp:attachment":[{"href":"https:\/\/www.rettetdenvolksentscheid.de\/wordpress\/wp-json\/wp\/v2\/media?parent=70"}],"curies":[{"name":"wp","href":"https:\/\/api.w.org\/{rel}","templated":true}]}}